{"id":976,"date":"2020-08-24T12:06:04","date_gmt":"2020-08-24T12:06:04","guid":{"rendered":"https:\/\/latterdavies.co.uk\/?page_id=976"},"modified":"2020-08-26T14:09:20","modified_gmt":"2020-08-26T14:09:20","slug":"fronheulog-sir-ddinbych","status":"publish","type":"page","link":"https:\/\/latterdavies.co.uk\/?page_id=976&lang=cy","title":{"rendered":"Fronheulog, Sir Ddinbych"},"content":{"rendered":"<p>Roedd y safle yn cynnwys buarth fferm yn dadfeilio, yn dyddio o\u2019r 18fed a\u2019r 19eg ganrif, wedi eu lleoli o fewn cwrtil t\u0177 rhestredig. O\u2019r herwydd roedd angen caniat\u00e2d Adeilad  Rhestredig i\u2019w adnewyddu.  <\/p>\n<p>Paratowyd dyluniadau ar gyfer dau opsiwn, un \u00e2 th\u0177 unigol ac un \u00e2 dau d\u0177; y ddau ddyluniad yn manteisio ar leoliad uchel y safle, talwyneb llydan yr adeilad, a\u2019r golygfeydd godidog. Dymchwelwyd ychwanegiadau mwy diweddar, gan gadw\u2019r adeiladau cynharach, mwy dilys. Roedd canllawiau\u2019r awdurdod cynllunio yn caniat\u00e1u gosod ffenestri a drysau yn yr agoriadau a fodolai yn unig, neu lle roedd olion agoriadau blaenorol ar ddrychiad blaen yr adeiladwaith.  <\/p>\n<p>Mae adeiladwaith newydd yn cysylltu\u2019r hen adeiladau: rhai unllawr, \u00e2 thoeau isel, gyda wyneb o estyll coed, ynghyd \u00e2 manylion cyfoes a defnydd helaeth o wydr, i greu cyferbyniad.<\/p>\n<p>Mae\u2019r cynllun mewnol yn adfer ac yn amlygu\u2019r strwythur to gwreiddiol. Lle safai\u2019r llawr dyrnu, ceir neuadd ddeulawr drawiadol, sydd yn ffurfio llewen i\u2019r t\u0177.<\/p>\n<p>Llenwir adwy\u2019r drol \u00e2 gwydr i wneud y gorau o\u2019r olygfa.  Rhoddwyd ffenestri to yn y wyneb cefn, ac agennau ar ymyl y llawr cyntaf oddi tanynt, fel bod golau cyson gyfnewidiol y dydd yn llifo i mewn i gefn yr adeilad.<\/p>\n","protected":false},"excerpt":{"rendered":"<p>Roedd y safle yn cynnwys buarth fferm yn dadfeilio, yn dyddio o\u2019r 18fed a\u2019r 19eg ganrif, wedi eu lleoli o fewn cwrtil t\u0177 rhestredig. O\u2019r herwydd roedd angen caniat\u00e2d Adeilad Rhestredig i\u2019w adnewyddu. Paratowyd dyluniadau ar gyfer dau opsiwn, un \u00e2 th\u0177 unigol ac un \u00e2 dau d\u0177; y ddau ddyluniad yn manteisio ar leoliad uchel y safle, talwyneb llydan<\/p>\n","protected":false},"author":1,"featured_media":371,"parent":971,"menu_order":9,"comment_status":"closed","ping_status":"closed","template":"slideshow_historic.php","meta":[],"_links":{"self":[{"href":"https:\/\/latterdavies.co.uk\/index.php?rest_route=\/wp\/v2\/pages\/976"}],"collection":[{"href":"https:\/\/latterdavies.co.uk\/index.php?rest_route=\/wp\/v2\/pages"}],"about":[{"href":"https:\/\/latterdavies.co.uk\/index.php?rest_route=\/wp\/v2\/types\/page"}],"author":[{"embeddable":true,"href":"https:\/\/latterdavies.co.uk\/index.php?rest_route=\/wp\/v2\/users\/1"}],"replies":[{"embeddable":true,"href":"https:\/\/latterdavies.co.uk\/index.php?rest_route=%2Fwp%2Fv2%2Fcomments&post=976"}],"version-history":[{"count":2,"href":"https:\/\/latterdavies.co.uk\/index.php?rest_route=\/wp\/v2\/pages\/976\/revisions"}],"predecessor-version":[{"id":1088,"href":"https:\/\/latterdavies.co.uk\/index.php?rest_route=\/wp\/v2\/pages\/976\/revisions\/1088"}],"up":[{"embeddable":true,"href":"https:\/\/latterdavies.co.uk\/index.php?rest_route=\/wp\/v2\/pages\/971"}],"wp:featuredmedia":[{"embeddable":true,"href":"https:\/\/latterdavies.co.uk\/index.php?rest_route=\/wp\/v2\/media\/371"}],"wp:attachment":[{"href":"https:\/\/latterdavies.co.uk\/index.php?rest_route=%2Fwp%2Fv2%2Fmedia&parent=976"}],"curies":[{"name":"wp","href":"https:\/\/api.w.org\/{rel}","templated":true}]}}