{"id":1023,"date":"2020-08-24T12:53:59","date_gmt":"2020-08-24T12:53:59","guid":{"rendered":"https:\/\/latterdavies.co.uk\/?page_id=1023"},"modified":"2020-08-26T14:11:25","modified_gmt":"2020-08-26T14:11:25","slug":"cannon-close-bridgwater-2","status":"publish","type":"page","link":"https:\/\/latterdavies.co.uk\/?page_id=1023&lang=cy","title":{"rendered":"Cannon Close, Bridgwater"},"content":{"rendered":"<p>Ugain o fflatiau un llofft i drigolion ag anghenion cyffredinol.  <\/p>\n<p>Roedd si\u00e2p afreolaidd i\u2019r safle, oedd felly yn galw am gynllun amgenach nag un ag onglau sgw\u00e2r arferol.  Oherwydd tai ac ysgol gyfagos roedd gofyn hefyd am gynllun \u00e2\u2019i olygon tuag at i mewn. <\/p>\n<p>Mae\u2019r dyluniad o ddwy asgell anhafal eu hyd, ar ddau lawr ac yn codi i dri llawr.  Mae ystafelloedd annedd y fflatiau oll yn wynebu i mewn tua\u2019r cwrt trionglog. Yn y man rhwng y ddwy asgell mae\u2019r grisiau, yn amgae\u00ebdig mewn t\u0175r si\u00e2p \u0175y, sy\u2019n mynegi eu swyddogaeth fel colyn i\u2019r cyfanwaith.  Mae\u2019r cynteddau sy\u2019n pontio rhwng y grisiau a\u2019r esgyll wedi eu hamg\u00e1u mewn gwydr a phanelau pren.  Mae\u2019r amlen hon, ynghyd \u00e2 gorffeniad y t\u0175r mewn rendr golau fel cyferbyniad i\u2019r esgyll o waith bric, yn rhoi ffurf ac eglurdeb i\u2019r adeiladwaith.<\/p>\n<p>Nodwedd y drychiadau tua\u2019r cwrt mewnol yw\u2019r ffenestri mawr sy\u2019n ymestyn at y llawr yn y lolfeydd a\u2019r llofftydd.  Mae\u2019r bondo isel a\u2019r ffenestri aeliog ar y trydydd llawr yn cyfyngu ar uchder yr adeilad, ac yn cydweddu ag adeiladau o\u2019r ddeunawfed ganrif yn y strydoedd cyfagos.<\/p>\n","protected":false},"excerpt":{"rendered":"<p>Ugain o fflatiau un llofft i drigolion ag anghenion cyffredinol. Roedd si\u00e2p afreolaidd i\u2019r safle, oedd felly yn galw am gynllun amgenach nag un ag onglau sgw\u00e2r arferol. Oherwydd tai ac ysgol gyfagos roedd gofyn hefyd am gynllun \u00e2\u2019i olygon tuag at i mewn. Mae\u2019r dyluniad o ddwy asgell anhafal eu hyd, ar ddau lawr ac yn codi i dri<\/p>\n","protected":false},"author":1,"featured_media":303,"parent":920,"menu_order":4,"comment_status":"open","ping_status":"open","template":"slideshow_housing_special.php","meta":[],"_links":{"self":[{"href":"https:\/\/latterdavies.co.uk\/index.php?rest_route=\/wp\/v2\/pages\/1023"}],"collection":[{"href":"https:\/\/latterdavies.co.uk\/index.php?rest_route=\/wp\/v2\/pages"}],"about":[{"href":"https:\/\/latterdavies.co.uk\/index.php?rest_route=\/wp\/v2\/types\/page"}],"author":[{"embeddable":true,"href":"https:\/\/latterdavies.co.uk\/index.php?rest_route=\/wp\/v2\/users\/1"}],"replies":[{"embeddable":true,"href":"https:\/\/latterdavies.co.uk\/index.php?rest_route=%2Fwp%2Fv2%2Fcomments&post=1023"}],"version-history":[{"count":2,"href":"https:\/\/latterdavies.co.uk\/index.php?rest_route=\/wp\/v2\/pages\/1023\/revisions"}],"predecessor-version":[{"id":1104,"href":"https:\/\/latterdavies.co.uk\/index.php?rest_route=\/wp\/v2\/pages\/1023\/revisions\/1104"}],"up":[{"embeddable":true,"href":"https:\/\/latterdavies.co.uk\/index.php?rest_route=\/wp\/v2\/pages\/920"}],"wp:featuredmedia":[{"embeddable":true,"href":"https:\/\/latterdavies.co.uk\/index.php?rest_route=\/wp\/v2\/media\/303"}],"wp:attachment":[{"href":"https:\/\/latterdavies.co.uk\/index.php?rest_route=%2Fwp%2Fv2%2Fmedia&parent=1023"}],"curies":[{"name":"wp","href":"https:\/\/api.w.org\/{rel}","templated":true}]}}